{"id":439,"date":"2013-02-17T22:05:18","date_gmt":"2013-02-17T21:05:18","guid":{"rendered":"https:\/\/uebersetzungsoffice.lima-city.de\/?page_id=439"},"modified":"2023-04-20T09:42:08","modified_gmt":"2023-04-20T07:42:08","slug":"kontakt-datei-upload","status":"publish","type":"page","link":"https:\/\/uebersetzungsoffice.lima-city.de\/tr\/kontakt-datei-upload\/","title":{"rendered":"Ileti\u015fim+Dosya g\u00f6nder"},"content":{"rendered":"<p>Ileti\u015fim: uebersetzungsoffice@remzis.de<\/p>\n","protected":false},"excerpt":{"rendered":"<p>Ileti\u015fim: uebersetzungsoffice@remzis.de<\/p>\n","protected":false},"author":1,"featured_media":0,"parent":0,"menu_order":6,"comment_status":"closed","ping_status":"closed","template":"","meta":[],"translation":{"provider":"WPGlobus","version":"3.0.1","language":"tr","enabled_languages":["de","tr"],"languages":{"de":{"title":true,"content":true,"excerpt":false},"tr":{"title":true,"content":true,"excerpt":false}}},"_links":{"self":[{"href":"https:\/\/uebersetzungsoffice.lima-city.de\/tr\/wp-json\/wp\/v2\/pages\/439"}],"collection":[{"href":"https:\/\/uebersetzungsoffice.lima-city.de\/tr\/wp-json\/wp\/v2\/pages"}],"about":[{"href":"https:\/\/uebersetzungsoffice.lima-city.de\/tr\/wp-json\/wp\/v2\/types\/page"}],"author":[{"embeddable":true,"href":"https:\/\/uebersetzungsoffice.lima-city.de\/tr\/wp-json\/wp\/v2\/users\/1"}],"replies":[{"embeddable":true,"href":"https:\/\/uebersetzungsoffice.lima-city.de\/tr\/wp-json\/wp\/v2\/comments?post=439"}],"version-history":[{"count":29,"href":"https:\/\/uebersetzungsoffice.lima-city.de\/tr\/wp-json\/wp\/v2\/pages\/439\/revisions"}],"predecessor-version":[{"id":979,"href":"https:\/\/uebersetzungsoffice.lima-city.de\/tr\/wp-json\/wp\/v2\/pages\/439\/revisions\/979"}],"wp:attachment":[{"href":"https:\/\/uebersetzungsoffice.lima-city.de\/tr\/wp-json\/wp\/v2\/media?parent=439"}],"curies":[{"name":"wp","href":"https:\/\/api.w.org\/{rel}","templated":true}]}}