{"id":344,"date":"2013-02-11T21:43:12","date_gmt":"2013-02-11T20:43:12","guid":{"rendered":"https:\/\/uebersetzungsoffice.lima-city.de\/?page_id=344"},"modified":"2023-04-20T09:43:14","modified_gmt":"2023-04-20T07:43:14","slug":"preise","status":"publish","type":"page","link":"https:\/\/uebersetzungsoffice.lima-city.de\/tr\/preise\/","title":{"rendered":"\u00dcCRETLER"},"content":{"rendered":"<h2>Terc\u00fcmeler<\/h2>\n<p>Uygun fiyatlar\u0131m\u0131z icin, l\u00fctfen mail \u00fczerinden g\u00f6nderme imkan\u0131n\u0131 kullan\u0131n\u0131z. Sabit Fiyat garantisi m\u00fcmk\u00fcn.<\/p>\n<h2><\/h2>\n<h2><\/h2>\n","protected":false},"excerpt":{"rendered":"<p>Terc\u00fcmeler Uygun fiyatlar\u0131m\u0131z icin, l\u00fctfen mail \u00fczerinden g\u00f6nderme imkan\u0131n\u0131 kullan\u0131n\u0131z. Sabit Fiyat garantisi m\u00fcmk\u00fcn.<\/p>\n","protected":false},"author":8,"featured_media":771,"parent":0,"menu_order":4,"comment_status":"closed","ping_status":"closed","template":"","meta":[],"translation":{"provider":"WPGlobus","version":"3.0.1","language":"tr","enabled_languages":["de","tr"],"languages":{"de":{"title":true,"content":true,"excerpt":false},"tr":{"title":true,"content":true,"excerpt":false}}},"_links":{"self":[{"href":"https:\/\/uebersetzungsoffice.lima-city.de\/tr\/wp-json\/wp\/v2\/pages\/344"}],"collection":[{"href":"https:\/\/uebersetzungsoffice.lima-city.de\/tr\/wp-json\/wp\/v2\/pages"}],"about":[{"href":"https:\/\/uebersetzungsoffice.lima-city.de\/tr\/wp-json\/wp\/v2\/types\/page"}],"author":[{"embeddable":true,"href":"https:\/\/uebersetzungsoffice.lima-city.de\/tr\/wp-json\/wp\/v2\/users\/8"}],"replies":[{"embeddable":true,"href":"https:\/\/uebersetzungsoffice.lima-city.de\/tr\/wp-json\/wp\/v2\/comments?post=344"}],"version-history":[{"count":31,"href":"https:\/\/uebersetzungsoffice.lima-city.de\/tr\/wp-json\/wp\/v2\/pages\/344\/revisions"}],"predecessor-version":[{"id":980,"href":"https:\/\/uebersetzungsoffice.lima-city.de\/tr\/wp-json\/wp\/v2\/pages\/344\/revisions\/980"}],"wp:featuredmedia":[{"embeddable":true,"href":"https:\/\/uebersetzungsoffice.lima-city.de\/tr\/wp-json\/wp\/v2\/media\/771"}],"wp:attachment":[{"href":"https:\/\/uebersetzungsoffice.lima-city.de\/tr\/wp-json\/wp\/v2\/media?parent=344"}],"curies":[{"name":"wp","href":"https:\/\/api.w.org\/{rel}","templated":true}]}}