{"id":289,"date":"2013-02-19T15:14:34","date_gmt":"2013-02-19T14:14:34","guid":{"rendered":"https:\/\/uebersetzungsoffice.lima-city.de\/?page_id=289"},"modified":"2022-08-19T12:16:41","modified_gmt":"2022-08-19T10:16:41","slug":"information","status":"publish","type":"page","link":"https:\/\/uebersetzungsoffice.lima-city.de\/tr\/information\/","title":{"rendered":"Bilinmesi gerekenler"},"content":{"rendered":"<p>Say\u0131n misafirim,<\/p>\n<p>zor metinler veya dil kombinasyonlar\u0131 yoktur. Sadece baz\u0131 konularda daha az bilgili terc\u00fcmanlar vard\u0131r. Iyi niyetli ve zaman al\u0131c\u0131 \u00e7abalara ra\u011fmen, terc\u00fcmeler kalitesiz ve k\u00f6t\u00fc olabilir.<\/p>\n<p>Bu\u00a0 d\u00fc\u015f\u00fck kalitede terc\u00fcmelerin bedeli daha ucuz olmas\u0131 gerekirken; tam tersi fazla mesailer, y\u00fcksek fatura bedeli ile denkle\u015ftirilir.<\/p>\n<p>Terc\u00fcman\u0131n\u0131z\u0131 se\u00e7erken l\u00fctfen bu durumu varsay\u0131n\u0131z.<\/p>\n<p>Serbest terc\u00fcman piyasas\u0131 d\u00fczensiz oldu\u011fu i\u00e7in, iyi terc\u00fcman bulmak ve tan\u0131mak oldukca \u00f6nemli- ama zordur. Elbette bir \u00c7eviri Ajans\u0131 ile temasa ge\u00e7ebilirsiniz. Bazen ufak \u00e7eviriler ve s\u00fcrekli de\u011fi\u015fen dillerde terc\u00fcme gerekiyorsa, ajanslar genellikle iyi bir \u00e7\u00f6z\u00fcmd\u00fcr. Ancak her ajans\u0131n iyi kalite sunmas\u0131n\u0131 d\u00fc\u015f\u00fcnmekte yanl\u0131\u015ft\u0131r. \u0130yi terc\u00fcmeler iyi terc\u00fcmanlar taraf\u0131ndan yap\u0131l\u0131r &#8211; bu elbette kurumlar i\u00e7inde ge\u00e7erlidir. \u00c7\u00fcnk\u00fc, ajanslar\u0131n tabii olarak k\u00e2r yapmalar\u0131 gerekir, bu nihai \u00fccret (Komisyon) size yans\u0131t\u0131l\u0131r.<\/p>\n<p>E\u011fer d\u00fczenli olarak ayn\u0131 dilde \u00e7eviriler gerekiyorsa Serbest Terc\u00fcmanlar, genellikle daha iyi bir \u00e7\u00f6z\u00fcmd\u00fcr. \u00d6zellikle bireyler i\u00e7in,\u00a0Serbest Terc\u00fcmanlar bir\u00e7ok avantaj sa\u011flar. \u00d6rne\u011fin terc\u00fcme \u00fczerinde esneklik vb. ve bireysel i\u015flemler gibi. Bu i\u015flemler bir\u00a0Terc\u00fcman Ajans\u0131nda \u00e7ok kapsaml\u0131 arac\u0131lar zinciri aras\u0131nda kaybolabilir.<\/p>\n<p>Freelance Terc\u00fcman\u0131n\u0131z<\/p>\n<p>Ay\u015fe Y\u0131lmaz<\/p>\n","protected":false},"excerpt":{"rendered":"<p>Say\u0131n misafirim, zor metinler veya dil kombinasyonlar\u0131 yoktur. Sadece baz\u0131 konularda daha az bilgili terc\u00fcmanlar vard\u0131r. Iyi niyetli ve zaman al\u0131c\u0131 \u00e7abalara ra\u011fmen, terc\u00fcmeler kalitesiz ve k\u00f6t\u00fc olabilir. Bu\u00a0 d\u00fc\u015f\u00fck [&hellip;]<\/p>\n","protected":false},"author":8,"featured_media":0,"parent":0,"menu_order":7,"comment_status":"closed","ping_status":"closed","template":"","meta":[],"translation":{"provider":"WPGlobus","version":"3.0.1","language":"tr","enabled_languages":["de","tr"],"languages":{"de":{"title":true,"content":true,"excerpt":false},"tr":{"title":true,"content":true,"excerpt":false}}},"_links":{"self":[{"href":"https:\/\/uebersetzungsoffice.lima-city.de\/tr\/wp-json\/wp\/v2\/pages\/289"}],"collection":[{"href":"https:\/\/uebersetzungsoffice.lima-city.de\/tr\/wp-json\/wp\/v2\/pages"}],"about":[{"href":"https:\/\/uebersetzungsoffice.lima-city.de\/tr\/wp-json\/wp\/v2\/types\/page"}],"author":[{"embeddable":true,"href":"https:\/\/uebersetzungsoffice.lima-city.de\/tr\/wp-json\/wp\/v2\/users\/8"}],"replies":[{"embeddable":true,"href":"https:\/\/uebersetzungsoffice.lima-city.de\/tr\/wp-json\/wp\/v2\/comments?post=289"}],"version-history":[{"count":20,"href":"https:\/\/uebersetzungsoffice.lima-city.de\/tr\/wp-json\/wp\/v2\/pages\/289\/revisions"}],"predecessor-version":[{"id":973,"href":"https:\/\/uebersetzungsoffice.lima-city.de\/tr\/wp-json\/wp\/v2\/pages\/289\/revisions\/973"}],"wp:attachment":[{"href":"https:\/\/uebersetzungsoffice.lima-city.de\/tr\/wp-json\/wp\/v2\/media?parent=289"}],"curies":[{"name":"wp","href":"https:\/\/api.w.org\/{rel}","templated":true}]}}