{"id":21,"date":"2013-01-19T15:39:31","date_gmt":"2013-01-19T14:39:31","guid":{"rendered":"http:\/\/remzi.bplaced.net\/wordpress\/?page_id=21"},"modified":"2018-08-02T18:35:50","modified_gmt":"2018-08-02T16:35:50","slug":"impressum","status":"publish","type":"page","link":"https:\/\/uebersetzungsoffice.lima-city.de\/tr\/impressum\/","title":{"rendered":"K\u00fcnye"},"content":{"rendered":"<p>&nbsp;<\/p>\n<h2>Meslek dal\u0131: Terc\u00fcman &#8211; D\u00fczeltmen<\/h2>\n<p><strong>Site sahibi:<\/strong><\/p>\n<p><strong>Ayse Yilmaz<\/strong><\/p>\n<p><strong>Odenwaldstr.2<\/strong><\/p>\n<p><strong>65479 Raunheim<\/strong><\/p>\n<p>@-mail: info@uebersetzungsoffice.de<\/p>\n<p><strong>Yasal uyar\u0131<\/strong> Bu sayfalar\u0131n i\u00e7eri\u011fi b\u00fcy\u00fck bir titizlikle olu\u015fturulmu\u015ftur.Do\u011frulu\u011fu, eksiksizli\u011fi veya i\u00e7eri\u011fin g\u00fcncelli\u011fi i\u00e7in herhangi bir sorumluluk al\u0131nmaz. Bir servis sa\u011flay\u0131c\u0131 olarak,genel yasalar \u00e7er\u00e7evesinde bu sayfalardan sorumluyum.<\/p>\n","protected":false},"excerpt":{"rendered":"<p>&nbsp; Meslek dal\u0131: Terc\u00fcman &#8211; D\u00fczeltmen Site sahibi: Ayse Yilmaz Odenwaldstr.2 65479 Raunheim @-mail: info@uebersetzungsoffice.de Yasal uyar\u0131 Bu sayfalar\u0131n i\u00e7eri\u011fi b\u00fcy\u00fck bir titizlikle olu\u015fturulmu\u015ftur.Do\u011frulu\u011fu, eksiksizli\u011fi veya i\u00e7eri\u011fin g\u00fcncelli\u011fi i\u00e7in herhangi [&hellip;]<\/p>\n","protected":false},"author":1,"featured_media":0,"parent":0,"menu_order":8,"comment_status":"closed","ping_status":"closed","template":"","meta":[],"translation":{"provider":"WPGlobus","version":"3.0.1","language":"tr","enabled_languages":["de","tr"],"languages":{"de":{"title":true,"content":true,"excerpt":false},"tr":{"title":true,"content":true,"excerpt":false}}},"_links":{"self":[{"href":"https:\/\/uebersetzungsoffice.lima-city.de\/tr\/wp-json\/wp\/v2\/pages\/21"}],"collection":[{"href":"https:\/\/uebersetzungsoffice.lima-city.de\/tr\/wp-json\/wp\/v2\/pages"}],"about":[{"href":"https:\/\/uebersetzungsoffice.lima-city.de\/tr\/wp-json\/wp\/v2\/types\/page"}],"author":[{"embeddable":true,"href":"https:\/\/uebersetzungsoffice.lima-city.de\/tr\/wp-json\/wp\/v2\/users\/1"}],"replies":[{"embeddable":true,"href":"https:\/\/uebersetzungsoffice.lima-city.de\/tr\/wp-json\/wp\/v2\/comments?post=21"}],"version-history":[{"count":26,"href":"https:\/\/uebersetzungsoffice.lima-city.de\/tr\/wp-json\/wp\/v2\/pages\/21\/revisions"}],"predecessor-version":[{"id":944,"href":"https:\/\/uebersetzungsoffice.lima-city.de\/tr\/wp-json\/wp\/v2\/pages\/21\/revisions\/944"}],"wp:attachment":[{"href":"https:\/\/uebersetzungsoffice.lima-city.de\/tr\/wp-json\/wp\/v2\/media?parent=21"}],"curies":[{"name":"wp","href":"https:\/\/api.w.org\/{rel}","templated":true}]}}