{"id":14,"date":"2013-01-19T15:16:36","date_gmt":"2013-01-19T14:16:36","guid":{"rendered":"http:\/\/remzi.bplaced.net\/wordpress\/?page_id=14"},"modified":"2023-04-20T10:05:47","modified_gmt":"2023-04-20T08:05:47","slug":"unser-service","status":"publish","type":"page","link":"https:\/\/uebersetzungsoffice.lima-city.de\/tr\/unser-service\/","title":{"rendered":"Hizmetlerim"},"content":{"rendered":"<p><strong>\u00c7al\u0131\u015fma alanlar\u0131m, daima m\u00fc\u015fteriye \u00f6zel \u00e7eviriler ve d\u00fczeltmenlik\u00b4dir.<\/strong><\/p>\n<h3>Almanca&gt;T\u00fcrk\u00e7e&gt;Almanca<\/h3>\n<ul>\n<li>Web Siteleri<\/li>\n<li>Oyunlar ve uygulamalar (iPhone, Android, Windows, Linux&#8230;.)<\/li>\n<li>Bonservisler (online dahilinde),<\/li>\n<li>Genel ticari- ve \u00d6zel yaz\u0131\u015fmalar,<\/li>\n<li>Her t\u00fcrl\u00fc ticari s\u00f6zle\u015fmeler,<\/li>\n<li>\u015eartlar ve ko\u015fullamalar,<\/li>\n<li>Sirket anla\u015fmalar\u0131,<\/li>\n<li>Toplant\u0131 tutanaklar\u0131,<\/li>\n<li>Teknik belgeler,<\/li>\n<li>K\u0131lavuzlar<\/li>\n<\/ul>\n<p>Cazip \u00fccretlerimi E-Posta yoluyla: info@uebersetzungsoffice.de veya Ileti\u015fim formu \u00fczerinden \u00f6\u011frenebilirsiniz. Ufak \u00e7eviri i\u015fleri de ayr\u0131m yapmaks\u0131z\u0131n itina ile yap\u0131l\u0131r. Federal Almanya KDV kanunun 19. Maddesine g\u00f6re Freelance \u00c7evirmen olarak g\u00f6rev yap\u0131yorum ve b\u00f6ylece vergiden muaf\u0131m.<\/p>\n","protected":false},"excerpt":{"rendered":"<p>\u00c7al\u0131\u015fma alanlar\u0131m, daima m\u00fc\u015fteriye \u00f6zel \u00e7eviriler ve d\u00fczeltmenlik\u00b4dir. Almanca&gt;T\u00fcrk\u00e7e&gt;Almanca Web Siteleri Oyunlar ve uygulamalar (iPhone, Android, Windows, Linux&#8230;.) Bonservisler (online dahilinde), Genel ticari- ve \u00d6zel yaz\u0131\u015fmalar, Her t\u00fcrl\u00fc ticari s\u00f6zle\u015fmeler, [&hellip;]<\/p>\n","protected":false},"author":1,"featured_media":775,"parent":0,"menu_order":1,"comment_status":"closed","ping_status":"closed","template":"","meta":[],"translation":{"provider":"WPGlobus","version":"3.0.1","language":"tr","enabled_languages":["de","tr"],"languages":{"de":{"title":true,"content":true,"excerpt":false},"tr":{"title":true,"content":true,"excerpt":false}}},"_links":{"self":[{"href":"https:\/\/uebersetzungsoffice.lima-city.de\/tr\/wp-json\/wp\/v2\/pages\/14"}],"collection":[{"href":"https:\/\/uebersetzungsoffice.lima-city.de\/tr\/wp-json\/wp\/v2\/pages"}],"about":[{"href":"https:\/\/uebersetzungsoffice.lima-city.de\/tr\/wp-json\/wp\/v2\/types\/page"}],"author":[{"embeddable":true,"href":"https:\/\/uebersetzungsoffice.lima-city.de\/tr\/wp-json\/wp\/v2\/users\/1"}],"replies":[{"embeddable":true,"href":"https:\/\/uebersetzungsoffice.lima-city.de\/tr\/wp-json\/wp\/v2\/comments?post=14"}],"version-history":[{"count":53,"href":"https:\/\/uebersetzungsoffice.lima-city.de\/tr\/wp-json\/wp\/v2\/pages\/14\/revisions"}],"predecessor-version":[{"id":987,"href":"https:\/\/uebersetzungsoffice.lima-city.de\/tr\/wp-json\/wp\/v2\/pages\/14\/revisions\/987"}],"wp:featuredmedia":[{"embeddable":true,"href":"https:\/\/uebersetzungsoffice.lima-city.de\/tr\/wp-json\/wp\/v2\/media\/775"}],"wp:attachment":[{"href":"https:\/\/uebersetzungsoffice.lima-city.de\/tr\/wp-json\/wp\/v2\/media?parent=14"}],"curies":[{"name":"wp","href":"https:\/\/api.w.org\/{rel}","templated":true}]}}