{"id":11,"date":"2013-01-19T15:14:05","date_gmt":"2013-01-19T14:14:05","guid":{"rendered":"http:\/\/remzi.bplaced.net\/wordpress\/?page_id=11"},"modified":"2022-03-14T10:11:56","modified_gmt":"2022-03-14T09:11:56","slug":"startseite","status":"publish","type":"page","link":"https:\/\/uebersetzungsoffice.lima-city.de\/tr\/","title":{"rendered":"Willkommen"},"content":{"rendered":"<h2 style=\"text-align: center;\"><\/h2>\n<h2 style=\"text-align: center;\"><img decoding=\"async\" loading=\"lazy\" class=\"alignnone size-full wp-image-869\" src=\"https:\/\/uebersetzungsoffice.lima-city.de\/wp-content\/uploads\/2013\/01\/tr_de.jpg\" alt=\"tr_de\" width=\"128\" height=\"90\" \/><img decoding=\"async\" loading=\"lazy\" class=\"wp-image-689 alignnone\" src=\"https:\/\/uebersetzungsoffice.lima-city.de\/wp-content\/uploads\/2013\/10\/hs1.png\" alt=\"hs\" width=\"335\" height=\"114\" \/><img decoding=\"async\" loading=\"lazy\" class=\"alignnone size-full wp-image-869\" src=\"https:\/\/uebersetzungsoffice.lima-city.de\/wp-content\/uploads\/2013\/01\/tr_de.jpg\" alt=\"tr_de\" width=\"128\" height=\"90\" \/><\/h2>\n<pre>T\u00fcrk\u00e7e ve Almanca \u00fczeri serbest \u00e7evirmen olarak, ana dilde Almanca'dan T\u00fcrk\u00e7e'ye veya T\u00fcrk\u00e7e'den Almanca'ya \u00e7evirmen hizmetleri sunmaktay\u0131m. Bunun yan\u0131s\u0131ra Ingilizce'den T\u00fcrk\u00e7eye \u00e7eviri g\u00f6revlerini severek \u00fcstlenirim.<\/pre>\n<h4>Avantajlar\u0131n\u0131z:<\/h4>\n<ul>\n<li>\u00a0\u00a0 <strong>H\u0131zl\u0131<\/strong> \u00e7eviri ve <strong>uygun<\/strong> \u00fccretler<\/li>\n<li>\u00a0\u00a0 <strong>Profesyonel<\/strong> ve\u00a0 <strong>verimli<\/strong> \u00e7eviri<\/li>\n<li>\u00a0\u00a0 Bir\u00e7ok pasajlarda tekrarlanan metinler i\u00e7in <strong>indirim<\/strong>.<\/li>\n<li>\u00a0\u00a0 <strong>Bedava<\/strong> \u00dccret Tahmini.<\/li>\n<li>\u00a0\u00a0 \u00dccretlerime KDV <strong>eklenmez<\/strong>.<\/li>\n<li>\u00a0\u00a0 Daimi m\u00fc\u015fterilerime \u00f6zel indirimler<\/li>\n<\/ul>\n","protected":false},"excerpt":{"rendered":"<p>T\u00fcrk\u00e7e ve Almanca \u00fczeri serbest \u00e7evirmen olarak, ana dilde Almanca&#8217;dan T\u00fcrk\u00e7e&#8217;ye veya T\u00fcrk\u00e7e&#8217;den Almanca&#8217;ya \u00e7evirmen hizmetleri sunmaktay\u0131m. Bunun yan\u0131s\u0131ra Ingilizce&#8217;den T\u00fcrk\u00e7eye \u00e7eviri g\u00f6revlerini severek \u00fcstlenirim. Avantajlar\u0131n\u0131z: \u00a0\u00a0 H\u0131zl\u0131 \u00e7eviri ve [&hellip;]<\/p>\n","protected":false},"author":1,"featured_media":612,"parent":0,"menu_order":0,"comment_status":"closed","ping_status":"closed","template":"","meta":[],"translation":{"provider":"WPGlobus","version":"3.0.1","language":"tr","enabled_languages":["de","tr"],"languages":{"de":{"title":true,"content":true,"excerpt":false},"tr":{"title":false,"content":true,"excerpt":false}}},"_links":{"self":[{"href":"https:\/\/uebersetzungsoffice.lima-city.de\/tr\/wp-json\/wp\/v2\/pages\/11"}],"collection":[{"href":"https:\/\/uebersetzungsoffice.lima-city.de\/tr\/wp-json\/wp\/v2\/pages"}],"about":[{"href":"https:\/\/uebersetzungsoffice.lima-city.de\/tr\/wp-json\/wp\/v2\/types\/page"}],"author":[{"embeddable":true,"href":"https:\/\/uebersetzungsoffice.lima-city.de\/tr\/wp-json\/wp\/v2\/users\/1"}],"replies":[{"embeddable":true,"href":"https:\/\/uebersetzungsoffice.lima-city.de\/tr\/wp-json\/wp\/v2\/comments?post=11"}],"version-history":[{"count":201,"href":"https:\/\/uebersetzungsoffice.lima-city.de\/tr\/wp-json\/wp\/v2\/pages\/11\/revisions"}],"predecessor-version":[{"id":967,"href":"https:\/\/uebersetzungsoffice.lima-city.de\/tr\/wp-json\/wp\/v2\/pages\/11\/revisions\/967"}],"wp:featuredmedia":[{"embeddable":true,"href":"https:\/\/uebersetzungsoffice.lima-city.de\/tr\/wp-json\/wp\/v2\/media\/612"}],"wp:attachment":[{"href":"https:\/\/uebersetzungsoffice.lima-city.de\/tr\/wp-json\/wp\/v2\/media?parent=11"}],"curies":[{"name":"wp","href":"https:\/\/api.w.org\/{rel}","templated":true}]}}